{"id":521,"date":"2017-07-06T20:16:49","date_gmt":"2017-07-06T20:16:49","guid":{"rendered":"http:\/\/quintadoscapuchos.pt\/site\/?page_id=521"},"modified":"2017-07-16T12:41:09","modified_gmt":"2017-07-16T12:41:09","slug":"historia","status":"publish","type":"page","link":"https:\/\/quintadoscapuchos.pt\/site\/historia\/","title":{"rendered":"A Nossa Hist\u00f3ria"},"content":{"rendered":"<div id=\"pl-521\"  class=\"panel-layout\" ><div id=\"pg-521-0\"  class=\"panel-grid panel-has-style\" ><div class=\"siteorigin-panels-stretch panel-row-style panel-row-style-for-521-0\" data-stretch-type=\"full-stretched\" ><div id=\"pgc-521-0-0\"  class=\"panel-grid-cell\" ><div id=\"panel-521-0-0-0\" class=\"so-panel widget widget_sow-hero panel-first-child panel-last-child\" data-index=\"0\" ><div\n\t\t\t\n\t\t\tclass=\"so-widget-sow-hero so-widget-sow-hero-default-869db3e9cd0b-521 so-widget-fittext-wrapper\"\n\t\t\t data-fit-text-compressor=\"0.85\"\n\t\t>\t\t\t\t<div class=\"sow-slider-base\" style=\"display: none\" tabindex=\"0\">\n\t\t\t\t\t<ul\n\t\t\t\t\tclass=\"sow-slider-images\"\n\t\t\t\t\tdata-settings=\"{&quot;pagination&quot;:true,&quot;speed&quot;:800,&quot;timeout&quot;:8000,&quot;paused&quot;:false,&quot;pause_on_hover&quot;:false,&quot;swipe&quot;:true,&quot;nav_always_show_desktop&quot;:&quot;&quot;,&quot;nav_always_show_mobile&quot;:&quot;&quot;,&quot;breakpoint&quot;:&quot;780px&quot;,&quot;unmute&quot;:false,&quot;anchor&quot;:null}\"\n\t\t\t\t\tstyle=\"min-height: 333px\"\t\t\t\t\tdata-anchor-id=\"\"\n\t\t\t\t>\t\t<li class=\"sow-slider-image  sow-slider-image-cover\" style=\"visibility: visible;;background-color: #1e1e1e\" >\n\t\t\t\t\t<div class=\"sow-slider-image-container\">\n\t\t\t<div class=\"sow-slider-image-wrapper\">\n\t\t\t\t<h1 style=\"text-align: center\">A Nossa Hist\u00f3ria<\/h1><p style=\"text-align: center\"><strong>O saber da tradi\u00e7\u00e3o de gera\u00e7\u00f5es na produ\u00e7\u00e3o de vinhos,\u00a0 <\/strong><br \/><strong>acontece\u00a0 no lugar de Capuchos, Freguesia de \u00c9vora, Concelho de Alcoba\u00e7a.<\/strong><\/p>\t\t\t<\/div>\n\t\t<\/div>\n\t\t<div class=\"sow-slider-image-overlay sow-slider-image-cover lazyload\" style=\"opacity: 0.78;background-image:inherit\"   data-bg-image=\"url(https:\/\/quintadoscapuchos.pt\/site\/wp-content\/uploads\/vinhos_com_origem.jpg)\"><\/div>\t\t<\/li>\n\t\t<\/ul>\t\t\t\t<ol class=\"sow-slider-pagination\">\n\t\t\t\t\t\t\t\t\t\t\t<li><a href=\"#\" data-goto=\"0\" aria-label=\"display slide 1\"><\/a><\/li>\n\t\t\t\t\t\t\t\t\t<\/ol>\n\n\t\t\t\t<div class=\"sow-slide-nav sow-slide-nav-next\">\n\t\t\t\t\t<a href=\"#\" data-goto=\"next\" aria-label=\"next slide\" data-action=\"next\">\n\t\t\t\t\t\t<em class=\"sow-sld-icon-thin-right\"><\/em>\n\t\t\t\t\t<\/a>\n\t\t\t\t<\/div>\n\n\t\t\t\t<div class=\"sow-slide-nav sow-slide-nav-prev\">\n\t\t\t\t\t<a href=\"#\" data-goto=\"previous\" aria-label=\"previous slide\" data-action=\"prev\">\n\t\t\t\t\t\t<em class=\"sow-sld-icon-thin-left\"><\/em>\n\t\t\t\t\t<\/a>\n\t\t\t\t<\/div>\n\t\t\t\t<\/div><\/div><\/div><\/div><\/div><\/div><div id=\"pg-521-1\"  class=\"panel-grid panel-no-style\" ><div id=\"pgc-521-1-0\"  class=\"panel-grid-cell\" ><div id=\"panel-521-1-0-0\" class=\"so-panel widget widget_sow-editor panel-first-child panel-last-child\" data-index=\"1\" ><div class=\"panel-widget-style panel-widget-style-for-521-1-0-0\" ><div\n\t\t\t\n\t\t\tclass=\"so-widget-sow-editor so-widget-sow-editor-base\"\n\t\t\t\n\t\t>\n<div class=\"siteorigin-widget-tinymce textwidget\">\n\t<p style=\"text-align: justify;\"><strong><em>\u2026 Eu, D. Afonso, pella divina miseric\u00f3rdia Rei dos Portugueses, juntamente com a Raynha D. Mafalda, minha molher e companheira no Reyno, fazemos testamento e couto a v\u00f3s D. Bernardo, Abbade do mosteyro de Claraval e a vossos irm\u00e3os e todos os vossos sucessores, que forem pelo tempo adiante, de uma nossa pr\u00f3pria erdade, que temos entre aqueles dois lugares chamamados Leiria e Obidos, abaixo do monte Taicha \u2026 aguas vertentes ao mar. <\/em><\/strong><\/p>\n<p style=\"text-align: justify;\"><strong><em>Damosvos tamb\u00e9m o lugar que cham\u00e3 Alcoba\u00e7a \u2026 por rem\u00e9dio das nossas almas e de nossos antepassados e para que fique no mosteyro que ali se fundar perpetua lembran\u00e7a nossa \u2026era de Cesar 1191 que he no anno de Christo de 1151, aos oito de Abril\u2026<\/em><\/strong><\/p>\n<\/div>\n<\/div><\/div><\/div><\/div><div id=\"pgc-521-1-1\"  class=\"panel-grid-cell\" ><div id=\"panel-521-1-1-0\" class=\"so-panel widget widget_sow-image panel-first-child panel-last-child\" data-index=\"2\" ><div\n\t\t\t\n\t\t\tclass=\"so-widget-sow-image so-widget-sow-image-default-c67d20f9f743-521\"\n\t\t\t\n\t\t>\n\n<div class=\"sow-image-container\">\n\t\t<img loading=\"lazy\" decoding=\"async\" data-src=\"https:\/\/quintadoscapuchos.pt\/site\/wp-content\/uploads\/azulejos.jpg\" width=\"567\" height=\"333\" data-sizes=\"auto, (max-width: 567px) 100vw, 567px\" alt=\"\" \t\tclass=\"so-widget-image lazyload\" src=\"data:image\/gif;base64,R0lGODlhAQABAAAAACH5BAEKAAEALAAAAAABAAEAAAICTAEAOw==\" style=\"--smush-placeholder-width: 567px; --smush-placeholder-aspect-ratio: 567\/333;\" \/><noscript><img loading=\"lazy\" decoding=\"async\" src=\"https:\/\/quintadoscapuchos.pt\/site\/wp-content\/uploads\/azulejos.jpg\" width=\"567\" height=\"333\" sizes=\"auto, (max-width: 567px) 100vw, 567px\" alt=\"\" \t\tclass=\"so-widget-image\"\/><\/noscript>\n\t<\/div>\n\n<\/div><\/div><\/div><\/div><div id=\"pg-521-2\"  class=\"panel-grid panel-has-style\" ><div class=\"so-parallax siteorigin-panels-stretch panel-row-style panel-row-style-for-521-2\" data-stretch-type=\"full-stretched\" ><img fetchpriority=\"high\" decoding=\"async\" width=\"960\" height=\"594\" src=\"https:\/\/quintadoscapuchos.pt\/site\/wp-content\/uploads\/historia_fundo_2.jpg\" class=\"attachment-full size-full\" alt=\"\" data-siteorigin-parallax=\"true\" loading=\"eager\" srcset=\"https:\/\/quintadoscapuchos.pt\/site\/wp-content\/uploads\/\/historia_fundo_2.jpg 960w, https:\/\/quintadoscapuchos.pt\/site\/wp-content\/uploads\/\/historia_fundo_2-600x371.jpg 600w\" sizes=\"(max-width: 960px) 100vw, 960px\" \/><div id=\"pgc-521-2-0\"  class=\"panel-grid-cell\" ><div id=\"panel-521-2-0-0\" class=\"so-panel widget widget_sow-editor panel-first-child\" data-index=\"3\" ><div class=\"panel-widget-style panel-widget-style-for-521-2-0-0\" ><div\n\t\t\t\n\t\t\tclass=\"so-widget-sow-editor so-widget-sow-editor-base\"\n\t\t\t\n\t\t>\n<div class=\"siteorigin-widget-tinymce textwidget\">\n\t<p style=\"text-align: center;\"><img loading=\"lazy\" decoding=\"async\" class=\"alignnone wp-image-159 size-medium lazyload\" data-src=\"http:\/\/quintadoscapuchos.pt\/site\/wp-content\/uploads\/2017\/06\/qc_logo_line_l-300x49.png\" alt=\"\" width=\"300\" height=\"49\" src=\"data:image\/gif;base64,R0lGODlhAQABAAAAACH5BAEKAAEALAAAAAABAAEAAAICTAEAOw==\" style=\"--smush-placeholder-width: 300px; --smush-placeholder-aspect-ratio: 300\/49;\" \/><noscript><img loading=\"lazy\" decoding=\"async\" class=\"alignnone wp-image-159 size-medium\" src=\"http:\/\/quintadoscapuchos.pt\/site\/wp-content\/uploads\/2017\/06\/qc_logo_line_l-300x49.png\" alt=\"\" width=\"300\" height=\"49\" \/><\/noscript><\/p>\n<h2 style=\"text-align: center;\">Produzimos vinhos de alta qualidade\u00a0recuperando<br \/> as tradi\u00e7\u00f5es vitivin\u00edcolas de Alcoba\u00e7a, explorando<br \/> as particularidades edafoclim\u00e1ticas da Regi\u00e3o.<\/h2>\n<\/div>\n<\/div><\/div><\/div><div id=\"panel-521-2-0-1\" class=\"so-panel widget widget_sow-image panel-last-child\" data-index=\"4\" ><div\n\t\t\t\n\t\t\tclass=\"so-widget-sow-image so-widget-sow-image-default-c67d20f9f743-521\"\n\t\t\t\n\t\t>\n\n<div class=\"sow-image-container\">\n\t\t<img loading=\"lazy\" decoding=\"async\" data-src=\"https:\/\/quintadoscapuchos.pt\/site\/wp-content\/uploads\/porta_ogiva-e1499979723431.jpg\" width=\"367\" height=\"600\" data-sizes=\"auto, (max-width: 367px) 100vw, 367px\" title=\"porta_ogiva\" alt=\"\" \t\tclass=\"so-widget-image lazyload\" src=\"data:image\/gif;base64,R0lGODlhAQABAAAAACH5BAEKAAEALAAAAAABAAEAAAICTAEAOw==\" style=\"--smush-placeholder-width: 367px; --smush-placeholder-aspect-ratio: 367\/600;\" \/><noscript><img loading=\"lazy\" decoding=\"async\" src=\"https:\/\/quintadoscapuchos.pt\/site\/wp-content\/uploads\/porta_ogiva-e1499979723431.jpg\" width=\"367\" height=\"600\" sizes=\"auto, (max-width: 367px) 100vw, 367px\" title=\"porta_ogiva\" alt=\"\" \t\tclass=\"so-widget-image\"\/><\/noscript>\n\t<\/div>\n\n<\/div><\/div><\/div><div id=\"pgc-521-2-1\"  class=\"panel-grid-cell\" ><div id=\"panel-521-2-1-0\" class=\"so-panel widget widget_sow-editor panel-first-child panel-last-child\" data-index=\"5\" ><div class=\"panel-widget-style panel-widget-style-for-521-2-1-0\" ><div\n\t\t\t\n\t\t\tclass=\"so-widget-sow-editor so-widget-sow-editor-base\"\n\t\t\t\n\t\t>\n<div class=\"siteorigin-widget-tinymce textwidget\">\n\t<h1>Coloniza\u00e7\u00e3o Cistercience<\/h1>\n<p style=\"text-align: justify;\">Iniciava-se a importante ac\u00e7\u00e3o colonizadora dos Cisterciences em Alcoba\u00e7a. A granja de Chiqueda, onde se ter\u00e3o fixado, junto ao Rio Alcoa e a \u00c9vora de Alcoba\u00e7a, foi das primeiras criadas pelo Mosteiro em 1227.\u00a0J\u00e1 com os Monges a viverem em Alcoba\u00e7a, \u00c9vora recebe carta de povoa\u00e7\u00e3o em 1285, tornando-se numa das vilas dos Coutos, vasto territ\u00f3rio doado por D. Afonso Henriques a D. Bernardo de Claraval. Desbravam-se terras, onde a vinha, juntamente com pomares e olival s\u00e3o cultivos importantes. H\u00e1 refer\u00eancias do plantio de vinha desde 1397 em \u00c9vora e da autoriza\u00e7\u00e3o pelo Mosteiro para a constru\u00e7\u00e3o de uma casa e lagar de vinho, na Barrada, pr\u00f3ximo de Capuchos, \u00a0no termo de \u00c9vora.<\/p>\n<p style=\"text-align: justify;\">Por decis\u00e3o do Abade Comendat\u00e1rio de Alcoba\u00e7a, o Cardeal D. Henrique, que seria Rei por morte do seu sobrinho D. Sebasti\u00e3o, \u00e9 fundado em 1556 um Convento Franciscano para frades Capuchos, nome que o lugar perpetua e que agora se enquadra na Freguesia de \u00c9vora de Alcoba\u00e7a.<\/p>\n<p>\u00a0<\/p>\n<h1>Vinhos com origem<\/h1>\n<p style=\"text-align: justify;\">Honrando a hist\u00f3ria e a espiritualidade destas terras e prosseguindo as artes dos <em>monges agr\u00f3nomos de Alcoba\u00e7a<\/em>, a nova viticultura da Quinta Dos Capuchos orienta-se para a obten\u00e7\u00e3o de um dos mais not\u00e1veis produtos das artes agr\u00edcolas \u2013 o vinho.<\/p>\n<p style=\"text-align: justify;\">Assentando nas condi\u00e7\u00f5es que s\u00f3 a natureza rege, o cultivo da vinha desenvolve-se agora segundo condicionamentos bem diferentes e bem mais exigentes do que no passado, para um claro objectivo: a qualidade.<\/p>\n<p>\u00a0<\/p>\n<h1>As vinhas<\/h1>\n<p style=\"text-align: justify;\">As vinhas da Quinta Dos Capuchos situam-se no tro\u00e7o Sul do Vale do Alcoa, na zona da Beira Serra dos Candeeiros, em solos argilosos de calc\u00e1rio, pedregosos e dif\u00edceis, do Jur\u00e1ssico, num enquadramento clim\u00e1tico particular, onde a influ\u00eancia Atl\u00e2ntica, j\u00e1 esbatida, contribui para excelentes condi\u00e7\u00f5es de matura\u00e7\u00e3o das uvas.<\/p>\n<p style=\"text-align: justify;\">Actualmente com uma \u00e1rea de vinha de 12 ha, com as castas tintas Touriga Nacional, Castel\u00e3o, Syrah, \u00a0Aragonez e Cabernet Sauvignon e brancas Arinto, Verdelho, Sauvignon Blanc e Chardonnay preparamos a instala\u00e7\u00e3o em mais seis hectares.<\/p>\n<p>\u00a0<\/p>\n<h1>Compromisso<\/h1>\n<p style=\"text-align: justify;\">O nosso objetivo \u00e9 produzir vinhos de alta qualidade, recuperando as tradi\u00e7\u00f5es vitivin\u00edcolas de Alcoba\u00e7a e explorando as particularidades edafoclim\u00e1ticas da Regi\u00e3o - fazendo demonstrar a excel\u00eancia do <em>terroir<\/em>.<\/p>\n<p style=\"text-align: justify;\">A nossa vis\u00e3o aponta para a obten\u00e7\u00e3o de vinhos aut\u00eanticos, com personalidade marcada, na perspectiva de encontrar a satisfa\u00e7\u00e3o dos consumidores, ainda que num quadro de grande competitividade comercial.<\/p>\n<p style=\"text-align: justify;\">Perseguimos os valores da excel\u00eancia na procura do melhor; da responsabilidade social e ambiental; da integridade, da honestidade e do rigor; da inova\u00e7\u00e3o e da tradi\u00e7\u00e3o, percebendo o passado e antevendo o futuro.<\/p>\n<p>\u00a0<\/p>\n<\/div>\n<\/div><\/div><\/div><\/div><\/div><\/div><\/div>","protected":false},"excerpt":{"rendered":"<p>\u2026 Eu, D. Afonso, pella divina miseric\u00f3rdia Rei dos Portugueses, juntamente com a Raynha D. Mafalda, minha molher e companheira no Reyno, fazemos testamento e couto a v\u00f3s D. Bernardo, Abbade do mosteyro de Claraval e a vossos irm\u00e3os e todos os vossos sucessores, que forem pelo tempo adiante, de uma nossa pr\u00f3pria erdade, que [&hellip;]<\/p>\n","protected":false},"author":1,"featured_media":0,"parent":0,"menu_order":0,"comment_status":"closed","ping_status":"closed","template":"templates\/template-full-notitle.php","meta":{"_exactmetrics_skip_tracking":false,"_exactmetrics_sitenote_active":false,"_exactmetrics_sitenote_note":"","_exactmetrics_sitenote_category":0,"footnotes":""},"class_list":["post-521","page","type-page","status-publish","hentry","post"],"_links":{"self":[{"href":"https:\/\/quintadoscapuchos.pt\/site\/wp-json\/wp\/v2\/pages\/521","targetHints":{"allow":["GET"]}}],"collection":[{"href":"https:\/\/quintadoscapuchos.pt\/site\/wp-json\/wp\/v2\/pages"}],"about":[{"href":"https:\/\/quintadoscapuchos.pt\/site\/wp-json\/wp\/v2\/types\/page"}],"author":[{"embeddable":true,"href":"https:\/\/quintadoscapuchos.pt\/site\/wp-json\/wp\/v2\/users\/1"}],"replies":[{"embeddable":true,"href":"https:\/\/quintadoscapuchos.pt\/site\/wp-json\/wp\/v2\/comments?post=521"}],"version-history":[{"count":97,"href":"https:\/\/quintadoscapuchos.pt\/site\/wp-json\/wp\/v2\/pages\/521\/revisions"}],"predecessor-version":[{"id":1397,"href":"https:\/\/quintadoscapuchos.pt\/site\/wp-json\/wp\/v2\/pages\/521\/revisions\/1397"}],"wp:attachment":[{"href":"https:\/\/quintadoscapuchos.pt\/site\/wp-json\/wp\/v2\/media?parent=521"}],"curies":[{"name":"wp","href":"https:\/\/api.w.org\/{rel}","templated":true}]}}